{"id":1927,"date":"2023-12-01T08:06:09","date_gmt":"2023-12-01T08:06:09","guid":{"rendered":"https:\/\/demosites.royal-elementor-addons.com\/school-v1\/?page_id=8"},"modified":"2025-10-01T14:10:26","modified_gmt":"2025-10-01T14:10:26","slug":"classes","status":"publish","type":"page","link":"https:\/\/ensinamais.pt\/?page_id=1927","title":{"rendered":"Cursos"},"content":{"rendered":"\t\t<div data-elementor-type=\"wp-page\" data-elementor-id=\"1927\" class=\"elementor elementor-1927\">\n\t\t\t\t<div class=\"elementor-element elementor-element-8d08b9c e-flex e-con-boxed wpr-particle-no wpr-jarallax-no wpr-parallax-no wpr-sticky-section-no e-con e-parent\" data-id=\"8d08b9c\" data-element_type=\"container\" data-settings=\"{&quot;background_background&quot;:&quot;classic&quot;}\">\n\t\t\t\t\t<div class=\"e-con-inner\">\n\t\t\t\t<div class=\"elementor-element elementor-element-5c0eacd elementor-widget elementor-widget-heading\" data-id=\"5c0eacd\" data-element_type=\"widget\" data-widget_type=\"heading.default\">\n\t\t\t\t\t<h2 class=\"elementor-heading-title elementor-size-default\">Cursos<\/h2>\t\t\t\t<\/div>\n\t\t\t\t<div class=\"elementor-element elementor-element-06ebde6 elementor-widget elementor-widget-heading\" data-id=\"06ebde6\" data-element_type=\"widget\" data-widget_type=\"heading.default\">\n\t\t\t\t\t<h2 class=\"elementor-heading-title elementor-size-default\">Home \/ Cursos<\/h2>\t\t\t\t<\/div>\n\t\t\t\t\t<\/div>\n\t\t\t\t<\/div>\n\t\t<div class=\"elementor-element elementor-element-5a97507 e-flex e-con-boxed wpr-particle-no wpr-jarallax-no wpr-parallax-no wpr-sticky-section-no e-con e-parent\" data-id=\"5a97507\" data-element_type=\"container\">\n\t\t\t\t\t<div class=\"e-con-inner\">\n\t\t\t\t<div class=\"elementor-element elementor-element-c861b33 elementor-widget elementor-widget-heading\" data-id=\"c861b33\" data-element_type=\"widget\" data-widget_type=\"heading.default\">\n\t\t\t\t\t<h2 class=\"elementor-heading-title elementor-size-default\">Cursos para Alunos, Pais e Pais &amp; Filhos<\/h2>\t\t\t\t<\/div>\n\t\t\t\t<div class=\"elementor-element elementor-element-6500166 elementor-widget elementor-widget-heading\" data-id=\"6500166\" data-element_type=\"widget\" data-widget_type=\"heading.default\">\n\t\t\t\t\t<h2 class=\"elementor-heading-title elementor-size-default\">Os nossos cursos foram pensados para apoiar pais e filhos no caminho do sucesso escolar.<\/h2>\t\t\t\t<\/div>\n\t\t\t\t\t<\/div>\n\t\t\t\t<\/div>\n\t\t<div class=\"elementor-element elementor-element-7891476 e-flex e-con-boxed wpr-particle-no wpr-jarallax-no wpr-parallax-no wpr-sticky-section-no e-con e-parent\" data-id=\"7891476\" data-element_type=\"container\">\n\t\t\t\t\t<div class=\"e-con-inner\">\n\t\t<div class=\"elementor-element elementor-element-2c40a39 e-con-full e-flex wpr-particle-no wpr-jarallax-no wpr-parallax-no wpr-sticky-section-no e-con e-child\" data-id=\"2c40a39\" data-element_type=\"container\">\n\t\t<div class=\"elementor-element elementor-element-b1c1e65 e-flex e-con-boxed wpr-particle-no wpr-jarallax-no wpr-parallax-no wpr-sticky-section-no e-con e-child\" data-id=\"b1c1e65\" data-element_type=\"container\">\n\t\t\t\t\t<div class=\"e-con-inner\">\n\t\t<div class=\"elementor-element elementor-element-c319bc7 e-flex e-con-boxed wpr-particle-no wpr-jarallax-no wpr-parallax-no wpr-sticky-section-no e-con e-child\" data-id=\"c319bc7\" data-element_type=\"container\">\n\t\t\t\t\t<div class=\"e-con-inner\">\n\t\t\t\t<div class=\"elementor-element elementor-element-ddd5bb5 elementor-widget__width-auto elementor-widget elementor-widget-image\" data-id=\"ddd5bb5\" data-element_type=\"widget\" data-widget_type=\"image.default\">\n\t\t\t\t\t\t\t\t\t\t\t\t\t\t\t\t<a href=\"https:\/\/ensinamais.pt\/?page_id=1928\">\n\t\t\t\t\t\t\t<img fetchpriority=\"high\" decoding=\"async\" width=\"960\" height=\"640\" src=\"https:\/\/ensinamais.pt\/wp-content\/uploads\/2025\/10\/Captura-de-ecra-2025-10-01-105038-1024x683.png\" class=\"attachment-large size-large wp-image-3047\" alt=\"\" srcset=\"https:\/\/ensinamais.pt\/wp-content\/uploads\/2025\/10\/Captura-de-ecra-2025-10-01-105038-1024x683.png 1024w, https:\/\/ensinamais.pt\/wp-content\/uploads\/2025\/10\/Captura-de-ecra-2025-10-01-105038-300x200.png 300w, https:\/\/ensinamais.pt\/wp-content\/uploads\/2025\/10\/Captura-de-ecra-2025-10-01-105038-768x512.png 768w, https:\/\/ensinamais.pt\/wp-content\/uploads\/2025\/10\/Captura-de-ecra-2025-10-01-105038.png 1335w\" sizes=\"(max-width: 960px) 100vw, 960px\" \/>\t\t\t\t\t\t\t\t<\/a>\n\t\t\t\t\t\t\t\t\t\t\t\t\t\t\t<\/div>\n\t\t\t\t<div class=\"elementor-element elementor-element-273bbc7 elementor-widget elementor-widget-heading\" data-id=\"273bbc7\" data-element_type=\"widget\" data-widget_type=\"heading.default\">\n\t\t\t\t\t<h2 class=\"elementor-heading-title elementor-size-default\">Para Alunos:<\/h2>\t\t\t\t<\/div>\n\t\t\t\t<div class=\"elementor-element elementor-element-61c5f53 elementor-widget elementor-widget-text-editor\" data-id=\"61c5f53\" data-element_type=\"widget\" data-widget_type=\"text-editor.default\">\n\t\t\t\t\t\t\t\t\t<p>Disponibilizamos t\u00e9cnicas pr\u00e1ticas de estudo, organiza\u00e7\u00e3o e concentra\u00e7\u00e3o, para aprender melhor em menos tempo.<\/p>\t\t\t\t\t\t\t\t<\/div>\n\t\t\t\t<div class=\"elementor-element elementor-element-e88ca75 wpr-button-icon-style-inline wpr-button-icon-position-right elementor-widget elementor-widget-wpr-button\" data-id=\"e88ca75\" data-element_type=\"widget\" data-widget_type=\"wpr-button.default\">\n\t\t\t\t\t\t\n\t\t\t\n\t\t\n\t\t<div class=\"wpr-button-wrap elementor-clearfix\">\n\t\t<a class=\"wpr-button wpr-button-effect wpr-button-none\" data-text=\"Go\" href=\"https:\/\/ensinamais.pt\/?page_id=1928\">\n\t\t\t\n\t\t\t<span class=\"wpr-button-content\">\n\t\t\t\t\t\t\t\t\t<span class=\"wpr-button-text\">Saber mais<\/span>\n\t\t\t\t\t\t\t\t\n\t\t\t\t\t\t\t<\/span>\n\t\t<\/a>\n\n\t\t\t\t<\/div>\n\t\n\t\n\t\t\t\t\t<\/div>\n\t\t\t\t\t<\/div>\n\t\t\t\t<\/div>\n\t\t<div class=\"elementor-element elementor-element-633b9db e-flex e-con-boxed wpr-particle-no wpr-jarallax-no wpr-parallax-no wpr-sticky-section-no e-con e-child\" data-id=\"633b9db\" data-element_type=\"container\">\n\t\t\t\t\t<div class=\"e-con-inner\">\n\t\t\t\t<div class=\"elementor-element elementor-element-400c41e elementor-widget__width-auto elementor-widget elementor-widget-image\" data-id=\"400c41e\" data-element_type=\"widget\" data-widget_type=\"image.default\">\n\t\t\t\t\t\t\t\t\t\t\t\t\t\t\t\t<a href=\"https:\/\/ensinamais.pt\/?page_id=2450\">\n\t\t\t\t\t\t\t<img decoding=\"async\" width=\"749\" height=\"500\" src=\"https:\/\/ensinamais.pt\/wp-content\/uploads\/2024\/01\/Teacher-3-e1759327355902.jpg\" class=\"attachment-large size-large wp-image-1274\" alt=\"\" srcset=\"https:\/\/ensinamais.pt\/wp-content\/uploads\/2024\/01\/Teacher-3-e1759327355902.jpg 749w, https:\/\/ensinamais.pt\/wp-content\/uploads\/2024\/01\/Teacher-3-e1759327355902-300x200.jpg 300w\" sizes=\"(max-width: 749px) 100vw, 749px\" \/>\t\t\t\t\t\t\t\t<\/a>\n\t\t\t\t\t\t\t\t\t\t\t\t\t\t\t<\/div>\n\t\t\t\t<div class=\"elementor-element elementor-element-2fbb6c8 elementor-widget elementor-widget-heading\" data-id=\"2fbb6c8\" data-element_type=\"widget\" data-widget_type=\"heading.default\">\n\t\t\t\t\t<h2 class=\"elementor-heading-title elementor-size-default\">Para Pais:<\/h2>\t\t\t\t<\/div>\n\t\t\t\t<div class=\"elementor-element elementor-element-d143145 elementor-widget elementor-widget-text-editor\" data-id=\"d143145\" data-element_type=\"widget\" data-widget_type=\"text-editor.default\">\n\t\t\t\t\t\t\t\t\t<p>Oferecemos estrat\u00e9gias de comunica\u00e7\u00e3o e motiva\u00e7\u00e3o para acompanhar os estudos sem conflitos.<\/p>\t\t\t\t\t\t\t\t<\/div>\n\t\t\t\t<div class=\"elementor-element elementor-element-53fdbc1 wpr-button-icon-style-inline wpr-button-icon-position-right elementor-widget elementor-widget-wpr-button\" data-id=\"53fdbc1\" data-element_type=\"widget\" data-widget_type=\"wpr-button.default\">\n\t\t\t\t\t\t\n\t\t\t\n\t\t\n\t\t<div class=\"wpr-button-wrap elementor-clearfix\">\n\t\t<a class=\"wpr-button wpr-button-effect wpr-button-none\" data-text=\"Go\" href=\"https:\/\/ensinamais.pt\/?page_id=2450\">\n\t\t\t\n\t\t\t<span class=\"wpr-button-content\">\n\t\t\t\t\t\t\t\t\t<span class=\"wpr-button-text\">Saber mais<\/span>\n\t\t\t\t\t\t\t\t\n\t\t\t\t\t\t\t<\/span>\n\t\t<\/a>\n\n\t\t\t\t<\/div>\n\t\n\t\n\t\t\t\t\t<\/div>\n\t\t\t\t\t<\/div>\n\t\t\t\t<\/div>\n\t\t\t\t\t<\/div>\n\t\t\t\t<\/div>\n\t\t<div class=\"elementor-element elementor-element-08743d0 e-con-full e-flex wpr-particle-no wpr-jarallax-no wpr-parallax-no wpr-sticky-section-no e-con e-child\" data-id=\"08743d0\" data-element_type=\"container\">\n\t\t\t\t<div class=\"elementor-element elementor-element-7a62433 elementor-widget__width-auto elementor-widget elementor-widget-image\" data-id=\"7a62433\" data-element_type=\"widget\" data-widget_type=\"image.default\">\n\t\t\t\t\t\t\t\t\t\t\t\t\t\t\t\t<a href=\"https:\/\/ensinamais.pt\/?page_id=2472\">\n\t\t\t\t\t\t\t<img decoding=\"async\" width=\"960\" height=\"637\" src=\"https:\/\/ensinamais.pt\/wp-content\/uploads\/2025\/10\/Captura-de-ecra-2025-10-01-105116-1024x679.png\" class=\"attachment-large size-large wp-image-3048\" alt=\"\" srcset=\"https:\/\/ensinamais.pt\/wp-content\/uploads\/2025\/10\/Captura-de-ecra-2025-10-01-105116-1024x679.png 1024w, https:\/\/ensinamais.pt\/wp-content\/uploads\/2025\/10\/Captura-de-ecra-2025-10-01-105116-300x199.png 300w, https:\/\/ensinamais.pt\/wp-content\/uploads\/2025\/10\/Captura-de-ecra-2025-10-01-105116-768x510.png 768w, https:\/\/ensinamais.pt\/wp-content\/uploads\/2025\/10\/Captura-de-ecra-2025-10-01-105116.png 1337w\" sizes=\"(max-width: 960px) 100vw, 960px\" \/>\t\t\t\t\t\t\t\t<\/a>\n\t\t\t\t\t\t\t\t\t\t\t\t\t\t\t<\/div>\n\t\t\t\t<div class=\"elementor-element elementor-element-ff6e851 elementor-widget elementor-widget-heading\" data-id=\"ff6e851\" data-element_type=\"widget\" data-widget_type=\"heading.default\">\n\t\t\t\t\t<h2 class=\"elementor-heading-title elementor-size-default\">Para Pais &amp; Filhos (em conjunto):<\/h2>\t\t\t\t<\/div>\n\t\t\t\t<div class=\"elementor-element elementor-element-c2c91a8 elementor-widget elementor-widget-text-editor\" data-id=\"c2c91a8\" data-element_type=\"widget\" data-widget_type=\"text-editor.default\">\n\t\t\t\t\t\t\t\t\t<p>Criamos experi\u00eancias que fortalecem a rela\u00e7\u00e3o familiar e promovem harmonia no processo de aprendizagem.<\/p>\t\t\t\t\t\t\t\t<\/div>\n\t\t\t\t<div class=\"elementor-element elementor-element-ffba638 wpr-button-icon-style-inline wpr-button-icon-position-right elementor-widget elementor-widget-wpr-button\" data-id=\"ffba638\" data-element_type=\"widget\" data-widget_type=\"wpr-button.default\">\n\t\t\t\t\t\t\n\t\t\t\n\t\t\n\t\t<div class=\"wpr-button-wrap elementor-clearfix\">\n\t\t<a class=\"wpr-button wpr-button-effect wpr-button-none\" data-text=\"Go\" href=\"https:\/\/ensinamais.pt\/?page_id=2472\">\n\t\t\t\n\t\t\t<span class=\"wpr-button-content\">\n\t\t\t\t\t\t\t\t\t<span class=\"wpr-button-text\">Saber mais<\/span>\n\t\t\t\t\t\t\t\t\n\t\t\t\t\t\t\t<\/span>\n\t\t<\/a>\n\n\t\t\t\t<\/div>\n\t\n\t\n\t\t\t\t\t<\/div>\n\t\t\t\t<\/div>\n\t\t<div class=\"elementor-element elementor-element-6bfe653 e-con-full e-flex wpr-particle-no wpr-jarallax-no wpr-parallax-no wpr-sticky-section-no e-con e-child\" data-id=\"6bfe653\" data-element_type=\"container\" data-settings=\"{&quot;background_background&quot;:&quot;gradient&quot;}\">\n\t\t\t\t<div class=\"elementor-element elementor-element-4c1e94f elementor-widget elementor-widget-heading\" data-id=\"4c1e94f\" data-element_type=\"widget\" data-widget_type=\"heading.default\">\n\t\t\t\t\t<h2 class=\"elementor-heading-title elementor-size-default\">Subscribe to our Newsletter\n<\/h2>\t\t\t\t<\/div>\n\t\t\t\t<div class=\"elementor-element elementor-element-9238076 elementor-widget elementor-widget-text-editor\" data-id=\"9238076\" data-element_type=\"widget\" data-widget_type=\"text-editor.default\">\n\t\t\t\t\t\t\t\t\tSubscribe to our email newsletter to get the latest posts delivered right to your email.\t\t\t\t\t\t\t\t<\/div>\n\t\t\t\t<div class=\"elementor-element elementor-element-cb9dd82 wpr-mailchimp-layout-hr elementor-widget elementor-widget-wpr-mailchimp\" data-id=\"cb9dd82\" data-element_type=\"widget\" data-widget_type=\"wpr-mailchimp.default\">\n\t\t\t\t\t\n\t\t<form class=\"wpr-mailchimp-form\" id=\"wpr-mailchimp-form-cb9dd82\" method=\"POST\" data-list-id=\"def\" data-clear-fields=\"\">\n\t\t\t<!-- Form Header -->\n\t\t\t\n\t\t\t<div class=\"wpr-mailchimp-fields\">\n\t\t\t\t<!-- Email Input -->\n\t\t\t\t<div class=\"wpr-mailchimp-email\">\n\t\t\t\t\t\t\t\t\t\t<input type=\"email\" name=\"wpr_mailchimp_email\" placeholder=\"sample@mail.com\" required=\"required\">\n\t\t\t\t<\/div>\n\n\t\t\t\t<!-- Extra Fields -->\n\t\t\t\t\n\t\t\t\t<!-- Subscribe Button -->\n\t\t\t\t<div class=\"wpr-mailchimp-subscribe\">\n\t\t\t\t\t<button type=\"submit\" id=\"wpr-subscribe-cb9dd82\" class=\"wpr-mailchimp-subscribe-btn\" data-loading=\"Subscribing...\">\n\t\t\t\t  \t\tSubscribe\t\t\t\t\t<\/button>\n\t\t\t\t<\/div>\n\t\t\t<\/div>\n\n\t\t\t<!-- Success\/Error Message -->\n\t\t\t<div class=\"wpr-mailchimp-message\">\n\t\t\t\t<span class=\"wpr-mailchimp-success-message\">You have been successfully Subscribed!<\/span>\n\t\t\t\t<span class=\"wpr-mailchimp-error-message\">Ops! Something went wrong, please try again.<\/span>\n\t\t\t<\/div>\n\t\t<\/form>\n\n\t\t\t\t\t\t<\/div>\n\t\t\t\t<\/div>\n\t\t\t\t<\/div>\n\t\t\t\t\t<\/div>\n\t\t\t\t<\/div>\n\t\t\t\t<\/div>\n\t\t","protected":false},"excerpt":{"rendered":"<p>Cursos Home \/ Cursos Cursos para Alunos, Pais e Pais &amp; Filhos Os nossos cursos foram pensados para apoiar pais e filhos no caminho do sucesso escolar. Para Alunos: Disponibilizamos t\u00e9cnicas pr\u00e1ticas de estudo, organiza\u00e7\u00e3o e concentra\u00e7\u00e3o, para aprender melhor em menos tempo. Saber mais Para Pais: Oferecemos estrat\u00e9gias de comunica\u00e7\u00e3o e motiva\u00e7\u00e3o para acompanhar os estudos sem conflitos. Saber mais Para Pais &amp; Filhos (em conjunto): Criamos experi\u00eancias que fortalecem a rela\u00e7\u00e3o familiar e promovem harmonia no processo de aprendizagem. Saber mais Subscribe to our Newsletter Subscribe to our email newsletter to get the latest posts delivered right to your email. Subscribe You have been successfully Subscribed! Ops! Something went wrong, please try again.<\/p>\n","protected":false},"author":1,"featured_media":0,"parent":0,"menu_order":0,"comment_status":"closed","ping_status":"closed","template":"elementor_canvas","meta":{"footnotes":""},"class_list":["post-1927","page","type-page","status-publish","hentry"],"_links":{"self":[{"href":"https:\/\/ensinamais.pt\/index.php?rest_route=\/wp\/v2\/pages\/1927","targetHints":{"allow":["GET"]}}],"collection":[{"href":"https:\/\/ensinamais.pt\/index.php?rest_route=\/wp\/v2\/pages"}],"about":[{"href":"https:\/\/ensinamais.pt\/index.php?rest_route=\/wp\/v2\/types\/page"}],"author":[{"embeddable":true,"href":"https:\/\/ensinamais.pt\/index.php?rest_route=\/wp\/v2\/users\/1"}],"replies":[{"embeddable":true,"href":"https:\/\/ensinamais.pt\/index.php?rest_route=%2Fwp%2Fv2%2Fcomments&post=1927"}],"version-history":[{"count":34,"href":"https:\/\/ensinamais.pt\/index.php?rest_route=\/wp\/v2\/pages\/1927\/revisions"}],"predecessor-version":[{"id":3060,"href":"https:\/\/ensinamais.pt\/index.php?rest_route=\/wp\/v2\/pages\/1927\/revisions\/3060"}],"wp:attachment":[{"href":"https:\/\/ensinamais.pt\/index.php?rest_route=%2Fwp%2Fv2%2Fmedia&parent=1927"}],"curies":[{"name":"wp","href":"https:\/\/api.w.org\/{rel}","templated":true}]}}