{"id":1930,"date":"2023-12-01T08:07:19","date_gmt":"2023-12-01T08:07:19","guid":{"rendered":"https:\/\/demosites.royal-elementor-addons.com\/school-v1\/?page_id=11"},"modified":"2025-10-01T14:41:05","modified_gmt":"2025-10-01T14:41:05","slug":"events","status":"publish","type":"page","link":"https:\/\/ensinamais.pt\/?page_id=1930","title":{"rendered":"Apoio Personalizado"},"content":{"rendered":"\t\t<div data-elementor-type=\"wp-page\" data-elementor-id=\"1930\" class=\"elementor elementor-1930\">\n\t\t\t\t<div class=\"elementor-element elementor-element-c03a575 e-flex e-con-boxed wpr-particle-no wpr-jarallax-no wpr-parallax-no wpr-sticky-section-no e-con e-parent\" data-id=\"c03a575\" data-element_type=\"container\" data-settings=\"{&quot;background_background&quot;:&quot;classic&quot;}\">\n\t\t\t\t\t<div class=\"e-con-inner\">\n\t\t\t\t<div class=\"elementor-element elementor-element-0fa1cf0 elementor-widget elementor-widget-heading\" data-id=\"0fa1cf0\" data-element_type=\"widget\" data-widget_type=\"heading.default\">\n\t\t\t\t\t<h2 class=\"elementor-heading-title elementor-size-default\">Apoio Personalizado<\/h2>\t\t\t\t<\/div>\n\t\t\t\t<div class=\"elementor-element elementor-element-d170aff elementor-widget elementor-widget-heading\" data-id=\"d170aff\" data-element_type=\"widget\" data-widget_type=\"heading.default\">\n\t\t\t\t\t<h2 class=\"elementor-heading-title elementor-size-default\">Home \/ Apoio Personalizado<\/h2>\t\t\t\t<\/div>\n\t\t\t\t\t<\/div>\n\t\t\t\t<\/div>\n\t\t<div class=\"elementor-element elementor-element-757e1a2 e-flex e-con-boxed wpr-particle-no wpr-jarallax-no wpr-parallax-no wpr-sticky-section-no e-con e-parent\" data-id=\"757e1a2\" data-element_type=\"container\">\n\t\t\t\t\t<div class=\"e-con-inner\">\n\t\t<div class=\"elementor-element elementor-element-ff84af4 e-con-full e-flex wpr-particle-no wpr-jarallax-no wpr-parallax-no wpr-sticky-section-no e-con e-child\" data-id=\"ff84af4\" data-element_type=\"container\">\n\t\t\t\t<div class=\"elementor-element elementor-element-81bb8d4 elementor-widget elementor-widget-heading\" data-id=\"81bb8d4\" data-element_type=\"widget\" data-widget_type=\"heading.default\">\n\t\t\t\t\t<h2 class=\"elementor-heading-title elementor-size-default\">Explica\u00e7\u00f5es, Apoio ao Estudo e Mentoria<\/h2>\t\t\t\t<\/div>\n\t\t\t\t<div class=\"elementor-element elementor-element-456e907 elementor-widget elementor-widget-heading\" data-id=\"456e907\" data-element_type=\"widget\" data-widget_type=\"heading.default\">\n\t\t\t\t\t<h2 class=\"elementor-heading-title elementor-size-default\">O nosso apoio personalizado foi pensado para apoiar pais e filhos no caminho do sucesso escolar. <\/h2>\t\t\t\t<\/div>\n\t\t\t\t<\/div>\n\t\t<div class=\"elementor-element elementor-element-05d3c00 e-con-full e-flex wpr-particle-no wpr-jarallax-no wpr-parallax-no wpr-sticky-section-no e-con e-child\" data-id=\"05d3c00\" data-element_type=\"container\">\n\t\t\t\t<div class=\"elementor-element elementor-element-81d0306 elementor-widget__width-auto elementor-widget elementor-widget-image\" data-id=\"81d0306\" data-element_type=\"widget\" data-widget_type=\"image.default\">\n\t\t\t\t\t\t\t\t\t\t\t\t\t\t\t\t<a href=\"https:\/\/ensinamais.pt\/?page_id=1931\">\n\t\t\t\t\t\t\t<img fetchpriority=\"high\" decoding=\"async\" width=\"800\" height=\"500\" src=\"https:\/\/ensinamais.pt\/wp-content\/uploads\/2024\/01\/Teacher-1.jpg\" class=\"attachment-large size-large wp-image-1272\" alt=\"\" srcset=\"https:\/\/ensinamais.pt\/wp-content\/uploads\/2024\/01\/Teacher-1.jpg 800w, https:\/\/ensinamais.pt\/wp-content\/uploads\/2024\/01\/Teacher-1-300x188.jpg 300w, https:\/\/ensinamais.pt\/wp-content\/uploads\/2024\/01\/Teacher-1-768x480.jpg 768w\" sizes=\"(max-width: 800px) 100vw, 800px\" \/>\t\t\t\t\t\t\t\t<\/a>\n\t\t\t\t\t\t\t\t\t\t\t\t\t\t\t<\/div>\n\t\t\t\t<div class=\"elementor-element elementor-element-aab0b4b elementor-widget elementor-widget-heading\" data-id=\"aab0b4b\" data-element_type=\"widget\" data-widget_type=\"heading.default\">\n\t\t\t\t\t<h2 class=\"elementor-heading-title elementor-size-default\">Explica\u00e7\u00f5es<\/h2>\t\t\t\t<\/div>\n\t\t\t\t<div class=\"elementor-element elementor-element-12175ec elementor-widget elementor-widget-text-editor\" data-id=\"12175ec\" data-element_type=\"widget\" data-widget_type=\"text-editor.default\">\n\t\t\t\t\t\t\t\t\t<p>Apoio individual para consolidar conte\u00fados escolares, garantindo o esclarecimento de d\u00favidas.<\/p>\t\t\t\t\t\t\t\t<\/div>\n\t\t\t\t<div class=\"elementor-element elementor-element-f9b8e86 wpr-button-icon-style-inline wpr-button-icon-position-right elementor-widget elementor-widget-wpr-button\" data-id=\"f9b8e86\" data-element_type=\"widget\" data-widget_type=\"wpr-button.default\">\n\t\t\t\t\t\t\n\t\t\t\n\t\t\n\t\t<div class=\"wpr-button-wrap elementor-clearfix\">\n\t\t<a class=\"wpr-button wpr-button-effect wpr-button-none\" data-text=\"Go\" href=\"https:\/\/ensinamais.pt\/?page_id=1931\">\n\t\t\t\n\t\t\t<span class=\"wpr-button-content\">\n\t\t\t\t\t\t\t\t\t<span class=\"wpr-button-text\">Saber mais<\/span>\n\t\t\t\t\t\t\t\t\n\t\t\t\t\t\t\t<\/span>\n\t\t<\/a>\n\n\t\t\t\t<\/div>\n\t\n\t\n\t\t\t\t\t<\/div>\n\t\t\t\t<\/div>\n\t\t<div class=\"elementor-element elementor-element-9e9a62a e-con-full e-grid wpr-particle-no wpr-jarallax-no wpr-parallax-no wpr-sticky-section-no e-con e-child\" data-id=\"9e9a62a\" data-element_type=\"container\">\n\t\t<div class=\"elementor-element elementor-element-1f79338 e-flex e-con-boxed wpr-particle-no wpr-jarallax-no wpr-parallax-no wpr-sticky-section-no e-con e-child\" data-id=\"1f79338\" data-element_type=\"container\">\n\t\t\t\t\t<div class=\"e-con-inner\">\n\t\t<div class=\"elementor-element elementor-element-bfc9430 e-flex e-con-boxed wpr-particle-no wpr-jarallax-no wpr-parallax-no wpr-sticky-section-no e-con e-child\" data-id=\"bfc9430\" data-element_type=\"container\">\n\t\t\t\t\t<div class=\"e-con-inner\">\n\t\t\t\t<div class=\"elementor-element elementor-element-17d1bd6 elementor-widget__width-auto elementor-widget elementor-widget-image\" data-id=\"17d1bd6\" data-element_type=\"widget\" data-widget_type=\"image.default\">\n\t\t\t\t\t\t\t\t\t\t\t\t\t\t\t\t<a href=\"https:\/\/ensinamais.pt\/?page_id=2780\">\n\t\t\t\t\t\t\t<img decoding=\"async\" width=\"960\" height=\"637\" src=\"https:\/\/ensinamais.pt\/wp-content\/uploads\/2025\/10\/Captura-de-ecra-2025-10-01-105116-1024x679.png\" class=\"attachment-large size-large wp-image-3048\" alt=\"\" srcset=\"https:\/\/ensinamais.pt\/wp-content\/uploads\/2025\/10\/Captura-de-ecra-2025-10-01-105116-1024x679.png 1024w, https:\/\/ensinamais.pt\/wp-content\/uploads\/2025\/10\/Captura-de-ecra-2025-10-01-105116-300x199.png 300w, https:\/\/ensinamais.pt\/wp-content\/uploads\/2025\/10\/Captura-de-ecra-2025-10-01-105116-768x510.png 768w, https:\/\/ensinamais.pt\/wp-content\/uploads\/2025\/10\/Captura-de-ecra-2025-10-01-105116.png 1337w\" sizes=\"(max-width: 960px) 100vw, 960px\" \/>\t\t\t\t\t\t\t\t<\/a>\n\t\t\t\t\t\t\t\t\t\t\t\t\t\t\t<\/div>\n\t\t\t\t<div class=\"elementor-element elementor-element-ac93a20 elementor-widget elementor-widget-heading\" data-id=\"ac93a20\" data-element_type=\"widget\" data-widget_type=\"heading.default\">\n\t\t\t\t\t<h2 class=\"elementor-heading-title elementor-size-default\">Apoio ao Estudo<\/h2>\t\t\t\t<\/div>\n\t\t\t\t<div class=\"elementor-element elementor-element-a96cd82 elementor-widget elementor-widget-text-editor\" data-id=\"a96cd82\" data-element_type=\"widget\" data-widget_type=\"text-editor.default\">\n\t\t\t\t\t\t\t\t\t<p>Apoio na organiza\u00e7\u00e3o semanal, orienta\u00e7\u00e3o nos trabalhos de casa e prepara\u00e7\u00e3o dos testes, de forma estruturada e eficaz.<\/p>\t\t\t\t\t\t\t\t<\/div>\n\t\t\t\t<div class=\"elementor-element elementor-element-be124f7 wpr-button-icon-style-inline wpr-button-icon-position-right elementor-widget elementor-widget-wpr-button\" data-id=\"be124f7\" data-element_type=\"widget\" data-widget_type=\"wpr-button.default\">\n\t\t\t\t\t\t\n\t\t\t\n\t\t\n\t\t<div class=\"wpr-button-wrap elementor-clearfix\">\n\t\t<a class=\"wpr-button wpr-button-effect wpr-button-none\" data-text=\"Go\" href=\"https:\/\/ensinamais.pt\/?page_id=2780\">\n\t\t\t\n\t\t\t<span class=\"wpr-button-content\">\n\t\t\t\t\t\t\t\t\t<span class=\"wpr-button-text\">Saber mais<\/span>\n\t\t\t\t\t\t\t\t\n\t\t\t\t\t\t\t<\/span>\n\t\t<\/a>\n\n\t\t\t\t<\/div>\n\t\n\t\n\t\t\t\t\t<\/div>\n\t\t\t\t\t<\/div>\n\t\t\t\t<\/div>\n\t\t\t\t\t<\/div>\n\t\t\t\t<\/div>\n\t\t<div class=\"elementor-element elementor-element-4b6d08b e-con-full e-flex wpr-particle-no wpr-jarallax-no wpr-parallax-no wpr-sticky-section-no e-con e-child\" data-id=\"4b6d08b\" data-element_type=\"container\">\n\t\t\t\t<div class=\"elementor-element elementor-element-62b9e72 elementor-widget__width-auto elementor-widget elementor-widget-image\" data-id=\"62b9e72\" data-element_type=\"widget\" data-widget_type=\"image.default\">\n\t\t\t\t\t\t\t\t\t\t\t\t\t\t\t\t<a href=\"https:\/\/ensinamais.pt\/?page_id=2813\">\n\t\t\t\t\t\t\t<img decoding=\"async\" width=\"960\" height=\"638\" src=\"https:\/\/ensinamais.pt\/wp-content\/uploads\/2025\/09\/5_-1024x681.png\" class=\"attachment-large size-large wp-image-2691\" alt=\"\" srcset=\"https:\/\/ensinamais.pt\/wp-content\/uploads\/2025\/09\/5_-1024x681.png 1024w, https:\/\/ensinamais.pt\/wp-content\/uploads\/2025\/09\/5_-300x200.png 300w, https:\/\/ensinamais.pt\/wp-content\/uploads\/2025\/09\/5_-768x511.png 768w, https:\/\/ensinamais.pt\/wp-content\/uploads\/2025\/09\/5_.png 1338w\" sizes=\"(max-width: 960px) 100vw, 960px\" \/>\t\t\t\t\t\t\t\t<\/a>\n\t\t\t\t\t\t\t\t\t\t\t\t\t\t\t<\/div>\n\t\t\t\t<div class=\"elementor-element elementor-element-5d9590e elementor-widget elementor-widget-heading\" data-id=\"5d9590e\" data-element_type=\"widget\" data-widget_type=\"heading.default\">\n\t\t\t\t\t<h2 class=\"elementor-heading-title elementor-size-default\">Mentoria<\/h2>\t\t\t\t<\/div>\n\t\t\t\t<div class=\"elementor-element elementor-element-3928ba0 elementor-widget elementor-widget-text-editor\" data-id=\"3928ba0\" data-element_type=\"widget\" data-widget_type=\"text-editor.default\">\n\t\t\t\t\t\t\t\t\t<p>Orienta\u00e7\u00e3o personalizada para desenvolver m\u00e9todos de estudo eficazes, organiza\u00e7\u00e3o e autonomia na aprendizagem.<\/p>\t\t\t\t\t\t\t\t<\/div>\n\t\t\t\t<div class=\"elementor-element elementor-element-b2b25c1 wpr-button-icon-style-inline wpr-button-icon-position-right elementor-widget elementor-widget-wpr-button\" data-id=\"b2b25c1\" data-element_type=\"widget\" data-widget_type=\"wpr-button.default\">\n\t\t\t\t\t\t\n\t\t\t\n\t\t\n\t\t<div class=\"wpr-button-wrap elementor-clearfix\">\n\t\t<a class=\"wpr-button wpr-button-effect wpr-button-none\" data-text=\"Go\" href=\"https:\/\/ensinamais.pt\/?page_id=2813\">\n\t\t\t\n\t\t\t<span class=\"wpr-button-content\">\n\t\t\t\t\t\t\t\t\t<span class=\"wpr-button-text\">Saber mais<\/span>\n\t\t\t\t\t\t\t\t\n\t\t\t\t\t\t\t<\/span>\n\t\t<\/a>\n\n\t\t\t\t<\/div>\n\t\n\t\n\t\t\t\t\t<\/div>\n\t\t\t\t<\/div>\n\t\t\t\t<\/div>\n\t\t\t\t\t<\/div>\n\t\t\t\t<\/div>\n\t\t\t\t<\/div>\n\t\t","protected":false},"excerpt":{"rendered":"<p>Apoio Personalizado Home \/ Apoio Personalizado Explica\u00e7\u00f5es, Apoio ao Estudo e Mentoria O nosso apoio personalizado foi pensado para apoiar pais e filhos no caminho do sucesso escolar. Explica\u00e7\u00f5es Apoio individual para consolidar conte\u00fados escolares, garantindo o esclarecimento de d\u00favidas. Saber mais Apoio ao Estudo Apoio na organiza\u00e7\u00e3o semanal, orienta\u00e7\u00e3o nos trabalhos de casa e prepara\u00e7\u00e3o dos testes, de forma estruturada e eficaz. Saber mais Mentoria Orienta\u00e7\u00e3o personalizada para desenvolver m\u00e9todos de estudo eficazes, organiza\u00e7\u00e3o e autonomia na aprendizagem. Saber mais<\/p>\n","protected":false},"author":1,"featured_media":0,"parent":0,"menu_order":0,"comment_status":"closed","ping_status":"closed","template":"elementor_canvas","meta":{"footnotes":""},"class_list":["post-1930","page","type-page","status-publish","hentry"],"_links":{"self":[{"href":"https:\/\/ensinamais.pt\/index.php?rest_route=\/wp\/v2\/pages\/1930","targetHints":{"allow":["GET"]}}],"collection":[{"href":"https:\/\/ensinamais.pt\/index.php?rest_route=\/wp\/v2\/pages"}],"about":[{"href":"https:\/\/ensinamais.pt\/index.php?rest_route=\/wp\/v2\/types\/page"}],"author":[{"embeddable":true,"href":"https:\/\/ensinamais.pt\/index.php?rest_route=\/wp\/v2\/users\/1"}],"replies":[{"embeddable":true,"href":"https:\/\/ensinamais.pt\/index.php?rest_route=%2Fwp%2Fv2%2Fcomments&post=1930"}],"version-history":[{"count":31,"href":"https:\/\/ensinamais.pt\/index.php?rest_route=\/wp\/v2\/pages\/1930\/revisions"}],"predecessor-version":[{"id":3074,"href":"https:\/\/ensinamais.pt\/index.php?rest_route=\/wp\/v2\/pages\/1930\/revisions\/3074"}],"wp:attachment":[{"href":"https:\/\/ensinamais.pt\/index.php?rest_route=%2Fwp%2Fv2%2Fmedia&parent=1930"}],"curies":[{"name":"wp","href":"https:\/\/api.w.org\/{rel}","templated":true}]}}